{"id":40,"date":"2021-09-07T17:56:14","date_gmt":"2021-09-07T22:56:14","guid":{"rendered":"https:\/\/seafoami.com\/?page_id=40"},"modified":"2022-10-27T13:27:36","modified_gmt":"2022-10-27T18:27:36","slug":"our-company","status":"publish","type":"page","link":"https:\/\/ca.seafoami.com\/fr\/our-company\/","title":{"rendered":"Notre entreprise"},"content":{"rendered":"<div class=\"wp-block-columns is-layout-flex wp-container-core-columns-is-layout-28f84493 wp-block-columns-is-layout-flex\">\n<div class=\"wp-block-column is-layout-flow wp-block-column-is-layout-flow\">\n<figure class=\"wp-block-image size-full\"><img loading=\"lazy\" width=\"560\" height=\"254\" src=\"https:\/\/seafoam.ca\/wp-content\/uploads\/2021\/11\/Sea-Foam-International-Brand-Statement-V1.jpg\" alt=\"\" class=\"wp-image-26363\" srcset=\"https:\/\/ca.seafoami.com\/wp-content\/uploads\/2021\/11\/Sea-Foam-International-Brand-Statement-V1.jpg 560w, https:\/\/ca.seafoami.com\/wp-content\/uploads\/2021\/11\/Sea-Foam-International-Brand-Statement-V1-300x136.jpg 300w, https:\/\/ca.seafoami.com\/wp-content\/uploads\/2021\/11\/Sea-Foam-International-Brand-Statement-V1-480x218.jpg 480w\" sizes=\"auto, (max-width: 560px) 100vw, 560px\" \/><\/figure>\n<\/div>\n\n\n\n<div class=\"wp-block-column is-layout-flow wp-block-column-is-layout-flow\">\n<figure class=\"wp-block-image size-full\"><img loading=\"lazy\" width=\"671\" height=\"295\" src=\"https:\/\/seafoam.ca\/wp-content\/uploads\/2021\/09\/Sea-Foam-International-World-Map.jpg\" alt=\"\" class=\"wp-image-20\" srcset=\"https:\/\/ca.seafoami.com\/wp-content\/uploads\/2021\/09\/Sea-Foam-International-World-Map.jpg 671w, https:\/\/ca.seafoami.com\/wp-content\/uploads\/2021\/09\/Sea-Foam-International-World-Map-300x132.jpg 300w, https:\/\/ca.seafoami.com\/wp-content\/uploads\/2021\/09\/Sea-Foam-International-World-Map-480x211.jpg 480w\" sizes=\"auto, (max-width: 671px) 100vw, 671px\" \/><\/figure>\n<\/div>\n<\/div>\n\n\n\n<h2 class=\"wp-block-heading\">LA CONFIANCE DES M\u00c9CANICIENS DEPUIS 1942.<\/h2>\n\n\n\n<p>Sea Foam International, Inc. est la soci\u00e9t\u00e9 s\u0153ur de Sea Foam Sales Company (<a href=\"https:\/\/seafoamworks.com\/\" data-type=\"URL\" data-id=\"https:\/\/seafoamworks.com\/\" target=\"_blank\" rel=\"noopener\">www.seafoamworks.com<\/a>), et les deux sont collectivement d\u00e9sign\u00e9s sous le nom de Sea Foam Enterprises. Notre objectif est de fournir des produits et des opportunit\u00e9s qui donnent une seconde chance aux moteurs, aux \u00e9quipements et aux personnes. Notre cr\u00e9neau est de fournir des produits qui sont <strong>s\u00fbr<\/strong>peut \u00eatre <strong>a d\u00e9montr\u00e9<\/strong>et <strong>travail<\/strong>.<\/p>\n\n\n\n<p>Sea Foam Sales Company (SF), qui existe depuis 1942, fabrique et vend des produits Sea Foam aux \u00c9tats-Unis. Sea Foam International, Inc. (SFI) fabrique et vend des produits Sea Foam pour la vente en dehors des \u00c9tats-Unis. SFI a \u00e9t\u00e9 cr\u00e9\u00e9e pour r\u00e9unir une \u00e9quipe dont l'objectif est de d\u00e9velopper les produits Sea Foam dans le monde entier, avec l'aide et le soutien de toute l'\u00e9quipe de Sea Foam Enterprises.<\/p>\n\n\n\n<p>Le produit phare est Sea Foam Motor Treatment. Sea Foam Motor Treatment est un additif moteur unique en son genre, car il s'agit d'un additif multi-syst\u00e8me qui peut \u00eatre introduit dans le syst\u00e8me d'induction, le r\u00e9servoir de carburant et le carter de vilebrequin. Il aide les utilisateurs de moteurs \u00e0 combustion interne \u00e0 \u00e9liminer les trois menaces les plus mortelles pour leurs moteurs : la friction, l'humidit\u00e9 et les r\u00e9sidus de carbone.<\/p>\n\n\n\n<p>Rien qu'au cours de ces derni\u00e8res ann\u00e9es, les consommateurs ont achet\u00e9 plus de 1,5 million d'euros de produits. <strong>100 000 000 de bo\u00eetes de conserve<\/strong> de Sea Foam Motor Treatment. Des donn\u00e9es de tiers ind\u00e9pendants montrent que Sea Foam Motor Treatment domine le march\u00e9 am\u00e9ricain avec environ 70% de la part de march\u00e9 totale dans la cat\u00e9gorie des additifs multi-syst\u00e8mes.<\/p>\n\n\n\n<div style=\"height:2px\" aria-hidden=\"true\" class=\"wp-block-spacer sfi-spacer\"><\/div>\n\n\n\n<div class=\"wp-block-columns is-layout-flex wp-container-core-columns-is-layout-28f84493 wp-block-columns-is-layout-flex\">\n<div class=\"wp-block-column is-layout-flow wp-block-column-is-layout-flow\">\n<h2 class=\"has-ast-global-color-0-color has-text-color wp-block-heading\">NOTRE MISSION<\/h2>\n\n\n\n<p>Les produits Sea Foam ont attir\u00e9 un public passionn\u00e9 en tant que choix \u00e9prouv\u00e9 pour les m\u00e9caniciens, les passionn\u00e9s de v\u00e9hicules et toutes sortes de personnes qui aiment ou d\u00e9pendent des moteurs.<\/p>\n\n\n\n<p>Nous avons grandi depuis nos humbles d\u00e9buts, mais notre mission reste la m\u00eame : des produits s\u00fbrs dont l'efficacit\u00e9 est prouv\u00e9e et qui permettent aux moteurs et aux \u00e9quipements de fonctionner au mieux.<\/p>\n<\/div>\n\n\n\n<div class=\"wp-block-column is-layout-flow wp-block-column-is-layout-flow\">\n<figure class=\"wp-block-video\"><video height=\"360\" style=\"aspect-ratio: 640 \/ 360;\" width=\"640\" controls poster=\"https:\/\/seafoam.ca\/wp-content\/uploads\/2021\/09\/SEA-FOAM-VIMEO-LOGO-V2.jpg\" src=\"https:\/\/seafoam.ca\/wp-content\/uploads\/2021\/09\/Join-The-Sea-Foam-Distribution-Team-SM05-SD360p-640x360-v20181008.mp4\"><\/video><\/figure>\n<\/div>\n<\/div>\n\n\n\n<div style=\"height:2px\" aria-hidden=\"true\" class=\"wp-block-spacer sfi-spacer\"><\/div>\n\n\n\n<figure class=\"wp-block-image alignwide size-large\"><img loading=\"lazy\" decoding=\"async\" width=\"1024\" height=\"727\" src=\"https:\/\/seafoam.ca\/wp-content\/uploads\/2021\/09\/Screen-Shot-2021-09-14-at-9.22.41-AM-1024x727.png\" alt=\"\" class=\"wp-image-760\" srcset=\"https:\/\/ca.seafoami.com\/wp-content\/uploads\/2021\/09\/Screen-Shot-2021-09-14-at-9.22.41-AM-1024x727.png 1024w, https:\/\/ca.seafoami.com\/wp-content\/uploads\/2021\/09\/Screen-Shot-2021-09-14-at-9.22.41-AM-300x213.png 300w, https:\/\/ca.seafoami.com\/wp-content\/uploads\/2021\/09\/Screen-Shot-2021-09-14-at-9.22.41-AM-768x545.png 768w, https:\/\/ca.seafoami.com\/wp-content\/uploads\/2021\/09\/Screen-Shot-2021-09-14-at-9.22.41-AM-400x284.png 400w, https:\/\/ca.seafoami.com\/wp-content\/uploads\/2021\/09\/Screen-Shot-2021-09-14-at-9.22.41-AM-1080x767.png 1080w, https:\/\/ca.seafoami.com\/wp-content\/uploads\/2021\/09\/Screen-Shot-2021-09-14-at-9.22.41-AM-980x696.png 980w, https:\/\/ca.seafoami.com\/wp-content\/uploads\/2021\/09\/Screen-Shot-2021-09-14-at-9.22.41-AM-480x341.png 480w, https:\/\/ca.seafoami.com\/wp-content\/uploads\/2021\/09\/Screen-Shot-2021-09-14-at-9.22.41-AM-1200x852.png 1200w, https:\/\/ca.seafoami.com\/wp-content\/uploads\/2021\/09\/Screen-Shot-2021-09-14-at-9.22.41-AM.png 1218w\" sizes=\"auto, (max-width: 1024px) 100vw, 1024px\" \/><\/figure>\n\n\n\n<div class=\"wp-block-columns is-layout-flex wp-container-core-columns-is-layout-28f84493 wp-block-columns-is-layout-flex\">\n<div class=\"wp-block-column is-layout-flow wp-block-column-is-layout-flow\">\n<figure class=\"wp-block-image size-full\"><img loading=\"lazy\" decoding=\"async\" width=\"500\" height=\"751\" src=\"https:\/\/seafoam.ca\/wp-content\/uploads\/2021\/10\/Sea-Foam-Historical-Image-1.jpg\" alt=\"\" class=\"wp-image-25750\" srcset=\"https:\/\/ca.seafoami.com\/wp-content\/uploads\/2021\/10\/Sea-Foam-Historical-Image-1.jpg 500w, https:\/\/ca.seafoami.com\/wp-content\/uploads\/2021\/10\/Sea-Foam-Historical-Image-1-200x300.jpg 200w, https:\/\/ca.seafoami.com\/wp-content\/uploads\/2021\/10\/Sea-Foam-Historical-Image-1-480x721.jpg 480w\" sizes=\"auto, (max-width: 500px) 100vw, 500px\" \/><\/figure>\n<\/div>\n\n\n\n<div class=\"wp-block-column is-layout-flow wp-block-column-is-layout-flow\">\n<figure class=\"wp-block-image size-full\"><img loading=\"lazy\" decoding=\"async\" width=\"500\" height=\"751\" src=\"https:\/\/seafoam.ca\/wp-content\/uploads\/2021\/10\/Sea-Foam-Historical-Image-2-2.jpg\" alt=\"\" class=\"wp-image-25754\" srcset=\"https:\/\/ca.seafoami.com\/wp-content\/uploads\/2021\/10\/Sea-Foam-Historical-Image-2-2.jpg 500w, https:\/\/ca.seafoami.com\/wp-content\/uploads\/2021\/10\/Sea-Foam-Historical-Image-2-2-200x300.jpg 200w, https:\/\/ca.seafoami.com\/wp-content\/uploads\/2021\/10\/Sea-Foam-Historical-Image-2-2-480x721.jpg 480w\" sizes=\"auto, (max-width: 500px) 100vw, 500px\" \/><\/figure>\n<\/div>\n\n\n\n<div class=\"wp-block-column is-layout-flow wp-block-column-is-layout-flow\">\n<figure class=\"wp-block-image size-full\"><img loading=\"lazy\" decoding=\"async\" width=\"500\" height=\"751\" src=\"https:\/\/seafoam.ca\/wp-content\/uploads\/2021\/10\/Sea-Foam-Historical-Image-3-2.jpg\" alt=\"\" class=\"wp-image-25755\" srcset=\"https:\/\/ca.seafoami.com\/wp-content\/uploads\/2021\/10\/Sea-Foam-Historical-Image-3-2.jpg 500w, https:\/\/ca.seafoami.com\/wp-content\/uploads\/2021\/10\/Sea-Foam-Historical-Image-3-2-200x300.jpg 200w, https:\/\/ca.seafoami.com\/wp-content\/uploads\/2021\/10\/Sea-Foam-Historical-Image-3-2-480x721.jpg 480w\" sizes=\"auto, (max-width: 500px) 100vw, 500px\" \/><\/figure>\n<\/div>\n<\/div>","protected":false},"excerpt":{"rendered":"<p>TRUSTED BY MECHANICS SINCE 1942. Sea Foam International, Inc. is the sister company to Sea Foam Sales Company (www.seafoamworks.com) , and the two are collectively referred to as Sea Foam Enterprises. We focus on providing products and opportunities that give second chances to engines, equipment and people. Our niche is providing products that are safe, [&hellip;]<\/p>\n","protected":false},"author":3,"featured_media":0,"parent":0,"menu_order":0,"comment_status":"closed","ping_status":"closed","template":"","meta":{"_acf_changed":false,"_analytify_skip_tracking":false,"site-sidebar-layout":"no-sidebar","site-content-layout":"","ast-site-content-layout":"default","site-content-style":"default","site-sidebar-style":"default","ast-global-header-display":"","ast-banner-title-visibility":"","ast-main-header-display":"","ast-hfb-above-header-display":"","ast-hfb-below-header-display":"","ast-hfb-mobile-header-display":"","site-post-title":"","ast-breadcrumbs-content":"","ast-featured-img":"","footer-sml-layout":"","ast-disable-related-posts":"","theme-transparent-header-meta":"","adv-header-id-meta":"","stick-header-meta":"","header-above-stick-meta":"","header-main-stick-meta":"","header-below-stick-meta":"","astra-migrate-meta-layouts":"default","ast-page-background-enabled":"default","ast-page-background-meta":{"desktop":{"background-color":"var(--ast-global-color-4)","background-image":"","background-repeat":"repeat","background-position":"center center","background-size":"auto","background-attachment":"scroll","background-type":"","background-media":"","overlay-type":"","overlay-color":"","overlay-opacity":"","overlay-gradient":""},"tablet":{"background-color":"","background-image":"","background-repeat":"repeat","background-position":"center center","background-size":"auto","background-attachment":"scroll","background-type":"","background-media":"","overlay-type":"","overlay-color":"","overlay-opacity":"","overlay-gradient":""},"mobile":{"background-color":"","background-image":"","background-repeat":"repeat","background-position":"center center","background-size":"auto","background-attachment":"scroll","background-type":"","background-media":"","overlay-type":"","overlay-color":"","overlay-opacity":"","overlay-gradient":""}},"ast-content-background-meta":{"desktop":{"background-color":"var(--ast-global-color-5)","background-image":"","background-repeat":"repeat","background-position":"center center","background-size":"auto","background-attachment":"scroll","background-type":"","background-media":"","overlay-type":"","overlay-color":"","overlay-opacity":"","overlay-gradient":""},"tablet":{"background-color":"var(--ast-global-color-5)","background-image":"","background-repeat":"repeat","background-position":"center center","background-size":"auto","background-attachment":"scroll","background-type":"","background-media":"","overlay-type":"","overlay-color":"","overlay-opacity":"","overlay-gradient":""},"mobile":{"background-color":"var(--ast-global-color-5)","background-image":"","background-repeat":"repeat","background-position":"center center","background-size":"auto","background-attachment":"scroll","background-type":"","background-media":"","overlay-type":"","overlay-color":"","overlay-opacity":"","overlay-gradient":""}},"footnotes":""},"class_list":["post-40","page","type-page","status-publish","hentry"],"acf":[],"featured_image_src":null,"_links":{"self":[{"href":"https:\/\/ca.seafoami.com\/fr\/wp-json\/wp\/v2\/pages\/40","targetHints":{"allow":["GET"]}}],"collection":[{"href":"https:\/\/ca.seafoami.com\/fr\/wp-json\/wp\/v2\/pages"}],"about":[{"href":"https:\/\/ca.seafoami.com\/fr\/wp-json\/wp\/v2\/types\/page"}],"author":[{"embeddable":true,"href":"https:\/\/ca.seafoami.com\/fr\/wp-json\/wp\/v2\/users\/3"}],"replies":[{"embeddable":true,"href":"https:\/\/ca.seafoami.com\/fr\/wp-json\/wp\/v2\/comments?post=40"}],"version-history":[{"count":2,"href":"https:\/\/ca.seafoami.com\/fr\/wp-json\/wp\/v2\/pages\/40\/revisions"}],"predecessor-version":[{"id":28905,"href":"https:\/\/ca.seafoami.com\/fr\/wp-json\/wp\/v2\/pages\/40\/revisions\/28905"}],"wp:attachment":[{"href":"https:\/\/ca.seafoami.com\/fr\/wp-json\/wp\/v2\/media?parent=40"}],"curies":[{"name":"wp","href":"https:\/\/api.w.org\/{rel}","templated":true}]}}